{"id":1316,"date":"2019-07-26T14:28:36","date_gmt":"2019-07-26T12:28:36","guid":{"rendered":"https:\/\/popolsku.net\/?page_id=1316"},"modified":"2019-07-26T15:37:29","modified_gmt":"2019-07-26T13:37:29","slug":"polityka-prywatnosci","status":"publish","type":"page","link":"https:\/\/popolsku.net\/en\/polityka-prywatnosci\/","title":{"rendered":"Polityka prywatno\u015bci"},"content":{"rendered":"\n<hr class=\"wp-block-separator\"\/>\n\n\n\n<h2 class=\"wp-block-heading\"><strong>Polityka prywatno\u015bci opisuje zasady przetwarzania przez nas informacji na Tw\u00f3j temat, w tym danych osobowych oraz ciasteczek, czyli tzw. cookies.<\/strong><\/h2>\n\n\n\n<hr class=\"wp-block-separator\"\/>\n\n\n\n<h2 class=\"wp-block-heading\"><strong>1. Informacje og\u00f3lne<\/strong><\/h2>\n\n\n\n<ol class=\"wp-block-list\"><li>Niniejsza polityka dotyczy Serwisu www, funkcjonuj\u0105cego pod adresem url: <strong>popolsku.net<\/strong><\/li><li>Operatorem serwisu oraz Administratorem danych osobowych jest: \u0141ukasz Za\u0142uski ul. Cybernetyki 7D m 75, 02-677 Warszawa<\/li><li>Adres kontaktowy poczty elektronicznej operatora: lzaluski@gmail.com<\/li><li>Operator jest Administratorem Twoich danych osobowych w odniesieniu do danych podanych dobrowolnie w Serwisie.<\/li><li>Serwis wykorzystuje dane osobowe w nast\u0119puj\u0105cych celach:<ol><li>Prowadzenie newslettera<\/li><li>Prowadzenie systemu komentarzy<\/li><li>Prezentacja profil u\u017cytkownika innym u\u017cytkownikom<\/li><\/ol><\/li><li>Serwis realizuje funkcje pozyskiwania informacji o u\u017cytkownikach i ich zachowaniu w nast\u0119puj\u0105cy spos\u00f3b:<ol><li>Poprzez dobrowolnie wprowadzone w formularzach dane, kt\u00f3re zostaj\u0105 wprowadzone do system\u00f3w Operatora.<\/li><li>Poprzez zapisywanie w urz\u0105dzeniach ko\u0144cowych plik\u00f3w cookie (tzw. \u201eciasteczka\u201d).<\/li><\/ol><\/li><\/ol>\n\n\n\n<h2 class=\"wp-block-heading\"><strong>2. Wybrane metody ochrony danych stosowane przez Operatora<\/strong><\/h2>\n\n\n\n<ol class=\"wp-block-list\"><li>Operator okresowo zmienia swoje has\u0142a administracyjne.<\/li><li>W celu ochrony danych Operator regularnie wykonuje kopie bezpiecze\u0144stwa.<\/li><li>Istotnym elementem ochrony danych jest regularna aktualizacja wszelkiego oprogramowania, wykorzystywanego przez Operatora do przetwarzania danych osobowych, co w szczeg\u00f3lno\u015bci oznacza regularne aktualizacje komponent\u00f3w programistycznych.<\/li><\/ol>\n\n\n\n<h2 class=\"wp-block-heading\"><strong>3. Hosting<\/strong><\/h2>\n\n\n\n<ol class=\"wp-block-list\"><li>Serwis jest hostowany (technicznie utrzymywany) na serwera operatora: inna firma<\/li><\/ol>\n\n\n\n<h2 class=\"wp-block-heading\"><strong>4. Twoje prawa i dodatkowe informacje o sposobie wykorzystania danych<\/strong><\/h2>\n\n\n\n<ol class=\"wp-block-list\"><li>W niekt\u00f3rych sytuacjach Administrator ma prawo przekazywa\u0107 Twoje dane osobowe innym odbiorcom, je\u015bli b\u0119dzie to niezb\u0119dne do wykonania zawartej z Tob\u0105 umowy lub do zrealizowania obowi\u0105zk\u00f3w ci\u0105\u017c\u0105cych na Administratorze. Dotyczy to takich grup odbiorc\u00f3w:<ul><li>osoby upowa\u017cnione przez nas, pracownicy i wsp\u00f3\u0142prcownicy, kt\u00f3rzy musz\u0105 mie\u0107 dost\u0119p do danych osobowych w celu wykonywania swoich obowi\u0105zk\u00f3w,<\/li><li>firma hostingowa,<\/li><li>firmy obs\u0142uguj\u0105ca mailingi,<\/li><li>firmy obs\u0142uguj\u0105ca komunikaty SMS,<\/li><li>firmy, z kt\u00f3rymi Administrator wsp\u00f3\u0142pracuje w zakresie marketingu w\u0142asnego,<\/li><li>kurierzy,<\/li><li>ubezpieczyciele,<\/li><li>kancelarie prawne i windykatorzy,<\/li><li>banki,<\/li><li>operatorzy p\u0142atno\u015bci,<\/li><li>organy publiczne.<\/li><\/ul><\/li><li>Twoje dane osobowe przetwarzane przez Administratora nie d\u0142u\u017cej, ni\u017c jest to konieczne do wykonania zwi\u0105zanych z nimi czynno\u015bci okre\u015blonych osobnymi przepisami (np. o prowadzeniu rachunkowo\u015bci). W odniesieniu do danych marketingowych dane nie b\u0119d\u0105 przetwarzane d\u0142u\u017cej ni\u017c przez 3 lata.<\/li><li>Przys\u0142uguje Ci prawo \u017c\u0105dania od Administratora:<ul><li>dost\u0119pu do danych osobowych Ciebie dotycz\u0105cych,<\/li><li>ich sprostowania,<\/li><li>usuni\u0119cia,<\/li><li>ograniczenia przetwarzania,<\/li><li>oraz przenoszenia danych.<\/li><\/ul><\/li><li>Przys\u0142uguje Ci prawo do z\u0142o\u017cenia sprzeciwu w zakresie przetwarzania wskazanego w pkt 3.3 c) wobec przetwarzania danych osobowych w celu wykonania prawnie uzasadnionych interes\u00f3w realizowanych przez Administratora, w tym profilowania, przy czym prawo sprzeciwu nie b\u0119dzie mog\u0142o by\u0107 wykonane w przypadku istnienia wa\u017cnych prawnie uzasadnionych podstaw do przetwarzania, nadrz\u0119dnych wobec Ciebie interes\u00f3w, praw i wolno\u015bci, w szczeg\u00f3lno\u015bci ustalenia, dochodzenia lub obrony roszcze\u0144.<\/li><li>Na dzia\u0142ania Administratora przys\u0142uguje skarga do Prezesa Urz\u0119du Ochrony Danych Osobowych, ul. Stawki 2, 00-193 Warszawa.<\/li><li>Podanie danych osobowych jest dobrowolne, lecz niezb\u0119dne do obs\u0142ugi Serwisu.<\/li><li>W stosunku do Ciebie mog\u0105 by\u0107 podejmowane czynno\u015bci polegaj\u0105ce na zautomatyzowanym podejmowaniu decyzji, w tym profilowaniu w celu \u015bwiadczenia us\u0142ug w ramach zawartej umowy oraz w celu prowadzenia przez Administratora marketingu bezpo\u015bredniego.<\/li><li>Dane osobowe nie s\u0105 przekazywane od kraj\u00f3w trzecich w rozumieniu przepis\u00f3w o ochronie danych osobowych. Oznacza to, \u017ce nie przesy\u0142amy ich poza teren Unii Europejskiej.<\/li><\/ol>\n\n\n\n<h2 class=\"wp-block-heading\"><strong>5. Informacje w formularzach<\/strong><\/h2>\n\n\n\n<ol class=\"wp-block-list\"><li>Serwis zbiera informacje podane dobrowolnie przez u\u017cytkownika, w tym dane osobowe, o ile zostan\u0105 one podane.<\/li><li>Serwis mo\u017ce zapisa\u0107 informacje o parametrach po\u0142\u0105czenia (oznaczenie czasu, adres IP).<\/li><li>Serwis, w niekt\u00f3rych wypadkach, mo\u017ce zapisa\u0107 informacj\u0119 u\u0142atwiaj\u0105c\u0105 powi\u0105zanie danych w formularzu z adresem e-mail u\u017cytkownika wype\u0142niaj\u0105cego formularz. W takim wypadku adres e-mail u\u017cytkownika pojawia si\u0119 wewn\u0105trz adresu url strony zawieraj\u0105cej formularz.<\/li><li>Dane podane w formularzu s\u0105 przetwarzane w celu wynikaj\u0105cym z funkcji konkretnego formularza, np. w celu dokonania procesu obs\u0142ugi zg\u0142oszenia serwisowego lub kontaktu handlowego, rejestracji us\u0142ug itp. Ka\u017cdorazowo kontekst i opis formularza w czytelny spos\u00f3b informuje, do czego on s\u0142u\u017cy.<\/li><\/ol>\n\n\n\n<h2 class=\"wp-block-heading\"><strong>6. Logi Administratora<\/strong><\/h2>\n\n\n\n<ol class=\"wp-block-list\"><li>Informacje zachowaniu u\u017cytkownik\u00f3w w serwisie mog\u0105 podlega\u0107 logowaniu. Dane te s\u0105 wykorzystywane w celu administrowania serwisem.<\/li><\/ol>\n\n\n\n<h2 class=\"wp-block-heading\"><strong>7. Istotne techniki marketingowe<\/strong><\/h2>\n\n\n\n<ol class=\"wp-block-list\"><li>Operator stosuje analiz\u0119 statystyczn\u0105 ruchu na stronie, poprzez Google Analytics (Google Inc. z siedzib\u0105 w USA). Operator nie przekazuje do operatora tej us\u0142ugi danych osobowych, a jedynie zanonimizowane informacje. Us\u0142uga bazuje na wykorzystaniu ciasteczek w urz\u0105dzeniu ko\u0144cowym u\u017cytkownika. W zakresie informacji o preferencjach u\u017cytkownika gromadzonych przez sie\u0107 reklamow\u0105 Google u\u017cytkownik mo\u017ce przegl\u0105da\u0107 i edytowa\u0107 informacje wynikaj\u0105ce z plik\u00f3w cookies przy pomocy narz\u0119dzia: https:\/\/www.google.com\/ads\/preferences\/<\/li><li>Operator stosuje korzysta z piksela Facebooka. Ta technologia powoduje, \u017ce serwis Facebook (Facebook Inc. z siedzib\u0105 w USA) wie, \u017ce dana osoba w nim zarejestrowana korzysta z Serwisu. Bazuje w tym wypadku na danych, wobec kt\u00f3rych sam jest administratorem, Operator nie przekazuje od siebie \u017cadnych dodatkowych danych osobowych serwisowi Facebook. Us\u0142uga bazuje na wykorzystaniu ciasteczek w urz\u0105dzeniu ko\u0144cowym u\u017cytkownika.<\/li><li>Operator stosuje rozwi\u0105zanie automatyzuj\u0105ce dzia\u0142anie Serwisu w odniesieniu do u\u017cytkownik\u00f3w, np. mog\u0105ce przes\u0142a\u0107 maila do u\u017cytkownika po odwiedzeniu konkretnej podstrony, o ile wyrazi\u0142 on zgod\u0119 na otrzymywanie korespondencji handlowej od Operatora.<\/li><\/ol>\n\n\n\n<h2 class=\"wp-block-heading\"><strong>8. Informacja o plikach cookies<\/strong><\/h2>\n\n\n\n<ol class=\"wp-block-list\"><li>Serwis korzysta z plik\u00f3w cookies.<\/li><li>Pliki cookies (tzw. \u201eciasteczka\u201d) stanowi\u0105 dane informatyczne, w szczeg\u00f3lno\u015bci pliki tekstowe, kt\u00f3re przechowywane s\u0105 w urz\u0105dzeniu ko\u0144cowym U\u017cytkownika Serwisu i przeznaczone s\u0105 do korzystania ze stron internetowych Serwisu. Cookies zazwyczaj zawieraj\u0105 nazw\u0119 strony internetowej, z kt\u00f3rej pochodz\u0105, czas przechowywania ich na urz\u0105dzeniu ko\u0144cowym oraz unikalny numer.<\/li><li>Podmiotem zamieszczaj\u0105cym na urz\u0105dzeniu ko\u0144cowym U\u017cytkownika Serwisu pliki cookies oraz uzyskuj\u0105cym do nich dost\u0119p jest operator Serwisu.<\/li><li>Pliki cookies wykorzystywane s\u0105 w nast\u0119puj\u0105cych celach:<ol><li>utrzymanie sesji u\u017cytkownika Serwisu (po zalogowaniu), dzi\u0119ki kt\u00f3rej u\u017cytkownik nie musi na ka\u017cdej podstronie Serwisu ponownie wpisywa\u0107 loginu i has\u0142a;<\/li><li>realizacji cel\u00f3w okre\u015blonych powy\u017cej w cz\u0119\u015bci &#8220;Istotne techniki marketingowe&#8221;;<\/li><\/ol><\/li><li>W ramach Serwisu stosowane s\u0105 dwa zasadnicze rodzaje plik\u00f3w cookies: \u201esesyjne\u201d (session cookies) oraz \u201esta\u0142e\u201d (persistent cookies). Cookies \u201esesyjne\u201d s\u0105 plikami tymczasowymi, kt\u00f3re przechowywane s\u0105 w urz\u0105dzeniu ko\u0144cowym U\u017cytkownika do czasu wylogowania, opuszczenia strony internetowej lub wy\u0142\u0105czenia oprogramowania (przegl\u0105darki internetowej). \u201eSta\u0142e\u201d pliki cookies przechowywane s\u0105 w urz\u0105dzeniu ko\u0144cowym U\u017cytkownika przez czas okre\u015blony w parametrach plik\u00f3w cookies lub do czasu ich usuni\u0119cia przez U\u017cytkownika.<\/li><li>Oprogramowanie do przegl\u0105dania stron internetowych (przegl\u0105darka internetowa) zazwyczaj domy\u015blnie dopuszcza przechowywanie plik\u00f3w cookies w urz\u0105dzeniu ko\u0144cowym U\u017cytkownika. U\u017cytkownicy Serwisu mog\u0105 dokona\u0107 zmiany ustawie\u0144 w tym zakresie. Przegl\u0105darka internetowa umo\u017cliwia usuni\u0119cie plik\u00f3w cookies. Mo\u017cliwe jest tak\u017ce automatyczne blokowanie plik\u00f3w cookies Szczeg\u00f3\u0142owe informacje na ten temat zawiera pomoc lub dokumentacja przegl\u0105darki internetowej.<\/li><li>Ograniczenia stosowania plik\u00f3w cookies mog\u0105 wp\u0142yn\u0105\u0107 na niekt\u00f3re funkcjonalno\u015bci dost\u0119pne na stronach internetowych Serwisu.<\/li><li>Pliki cookies zamieszczane w urz\u0105dzeniu ko\u0144cowym U\u017cytkownika Serwisu wykorzystywane mog\u0105 by\u0107 r\u00f3wnie\u017c przez wsp\u00f3\u0142pracuj\u0105ce z operatorem Serwisu podmioty, w szczeg\u00f3lno\u015bci dotyczy to firm: Google (Google Inc. z siedzib\u0105 w USA), Facebook (Facebook Inc. z siedzib\u0105 w USA), Twitter (Twitter Inc. z siedzib\u0105 w USA).<\/li><\/ol>\n\n\n\n<h2 class=\"wp-block-heading\"><strong>9. Zarz\u0105dzanie plikami cookies \u2013 jak w praktyce wyra\u017ca\u0107 i cofa\u0107 zgod\u0119?<\/strong><\/h2>\n\n\n\n<ol class=\"wp-block-list\"><li>Je\u015bli u\u017cytkownik nie chce otrzymywa\u0107 plik\u00f3w cookies, mo\u017ce zmieni\u0107 ustawienia przegl\u0105darki. Zastrzegamy, \u017ce wy\u0142\u0105czenie obs\u0142ugi plik\u00f3w cookies niezb\u0119dnych dla proces\u00f3w uwierzytelniania, bezpiecze\u0144stwa, utrzymania preferencji u\u017cytkownika mo\u017ce utrudni\u0107, a w skrajnych przypadkach mo\u017ce uniemo\u017cliwi\u0107 korzystanie ze stron www<\/li><li>W celu zarz\u0105dzania ustawienia cookies wybierz z listy poni\u017cej przegl\u0105dark\u0119 internetow\u0105, kt\u00f3rej u\u017cywasz i post\u0119puj zgodnie z instrukcjami:<ul><li><a href=\"https:\/\/support.microsoft.com\/pl-pl\/help\/10607\/microsoft-edge-view-delete-browser-history\">Edge<\/a><\/li><li><a href=\"https:\/\/support.microsoft.com\/pl-pl\/help\/278835\/how-to-delete-cookie-files-in-internet-explorer\">Internet Explorer<\/a><\/li><li><a href=\"http:\/\/support.google.com\/chrome\/bin\/answer.py?hl=pl&amp;answer=95647\">Chrome<\/a><\/li><li><a href=\"http:\/\/support.apple.com\/kb\/PH5042\">Safari<\/a><\/li><li><a href=\"http:\/\/support.mozilla.org\/pl\/kb\/W%C5%82%C4%85czanie%20i%20wy%C5%82%C4%85czanie%20obs%C5%82ugi%20ciasteczek\">Firefox<\/a><\/li><li><a href=\"http:\/\/help.opera.com\/Windows\/12.10\/pl\/cookies.html\">Opera<\/a><\/li><\/ul><\/li><li>Urz\u0105dzenia mobilne:<ul><li><a href=\"http:\/\/support.google.com\/chrome\/bin\/answer.py?hl=pl&amp;answer=95647\">Android<\/a><\/li><li><a href=\"http:\/\/support.apple.com\/kb\/HT1677?viewlocale=pl_PL\">Safari (iOS)<\/a><\/li><li><a href=\"http:\/\/www.windowsphone.com\/pl-pl\/how-to\/wp7\/web\/changing-privacy-and-other-browser-settings\">Windows Phone<\/a><\/li><\/ul><\/li><\/ol>\n\n\n\n<p>Niniejszy wz\u00f3r polityki zosta\u0142 wygenerowany bezp\u0142atnie, w celach informacyjnych, w oparciu o nasz\u0105 wiedz\u0119, bran\u017cowe praktyki i przepisy prawa obowi\u0105zuj\u0105ce na dzie\u0144 2018-08-14. Zalecamy sprawdzenie wzoru polityki przed u\u017cyciem jej na stronie. Wz\u00f3r opiera si\u0119 na najcz\u0119\u015bciej wyst\u0119puj\u0105cych na stronach internetowych sytuacjach, ale mo\u017ce nie odzwierciedla\u0107 pe\u0142nej i dok\u0142adnej specyfiki Twojej strony www. Przeczytaj uwa\u017cnie wygenerowany dokument i w razie potrzeb dostosuj go do Twojej sytuacji lub zasi\u0119gnij porady prawnej. Nie bierzemy odpowiedziano\u015bci za skutki pos\u0142ugiwania si\u0119 tym dokumentem, poniewa\u017c tylko Ty masz wp\u0142w na to, czy wszystkie informacje w nim zawarte s\u0105 zgodne z prawd\u0105. Zwr\u00f3\u0107 tak\u017ce uwag\u0119, \u017ce Polityka Prywatno\u015bci, nawet najlepsza, jest tylko jednym z element\u00f3w Twojej troski o dane osobowe i prywatno\u015b\u0107 u\u017cytkownika na stronie www.<br><\/p>\n","protected":false},"excerpt":{"rendered":"<p>Polityka prywatno\u015bci opisuje zasady przetwarzania przez nas informacji na Tw\u00f3j temat, w tym danych osobowych oraz ciasteczek, czyli tzw. cookies. 1. Informacje og\u00f3lne Niniejsza polityka dotyczy Serwisu www, funkcjonuj\u0105cego pod adresem url: popolsku.net Operatorem serwisu oraz Administratorem danych osobowych jest: \u0141ukasz Za\u0142uski ul. Cybernetyki 7D m 75, 02-677 Warszawa Adres kontaktowy poczty elektronicznej operatora: lzaluski@gmail.com [&hellip;]<\/p>\n","protected":false},"author":2,"featured_media":0,"parent":0,"menu_order":0,"comment_status":"closed","ping_status":"closed","template":"","meta":{"_acf_changed":false,"footnotes":""},"class_list":["post-1316","page","type-page","status-publish","hentry"],"acf":[],"yoast_head":"<!-- This site is optimized with the Yoast SEO plugin v27.3 - https:\/\/yoast.com\/product\/yoast-seo-wordpress\/ -->\n<title>Polityka prywatno\u015bci - PoPolsku.net<\/title>\n<meta name=\"robots\" content=\"index, follow, max-snippet:-1, max-image-preview:large, max-video-preview:-1\" \/>\n<link rel=\"canonical\" href=\"https:\/\/popolsku.net\/en\/polityka-prywatnosci\/\" \/>\n<meta property=\"og:locale\" content=\"en_US\" \/>\n<meta property=\"og:type\" content=\"article\" \/>\n<meta property=\"og:title\" content=\"Polityka prywatno\u015bci - PoPolsku.net\" \/>\n<meta property=\"og:description\" content=\"Polityka prywatno\u015bci opisuje zasady przetwarzania przez nas informacji na Tw\u00f3j temat, w tym danych osobowych oraz ciasteczek, czyli tzw. cookies. 1. Informacje og\u00f3lne Niniejsza polityka dotyczy Serwisu www, funkcjonuj\u0105cego pod adresem url: popolsku.net Operatorem serwisu oraz Administratorem danych osobowych jest: \u0141ukasz Za\u0142uski ul. Cybernetyki 7D m 75, 02-677 Warszawa Adres kontaktowy poczty elektronicznej operatora: lzaluski@gmail.com [&hellip;]\" \/>\n<meta property=\"og:url\" content=\"https:\/\/popolsku.net\/en\/polityka-prywatnosci\/\" \/>\n<meta property=\"og:site_name\" content=\"PoPolsku.net\" \/>\n<meta property=\"article:modified_time\" content=\"2019-07-26T13:37:29+00:00\" \/>\n<meta name=\"twitter:card\" content=\"summary_large_image\" \/>\n<meta name=\"twitter:label1\" content=\"Est. reading time\" \/>\n\t<meta name=\"twitter:data1\" content=\"7 minutes\" \/>\n<script type=\"application\/ld+json\" class=\"yoast-schema-graph\">{\"@context\":\"https:\\\/\\\/schema.org\",\"@graph\":[{\"@type\":\"WebPage\",\"@id\":\"https:\\\/\\\/popolsku.net\\\/en\\\/polityka-prywatnosci\\\/\",\"url\":\"https:\\\/\\\/popolsku.net\\\/en\\\/polityka-prywatnosci\\\/\",\"name\":\"Polityka prywatno\u015bci - PoPolsku.net\",\"isPartOf\":{\"@id\":\"https:\\\/\\\/popolsku.net\\\/#website\"},\"datePublished\":\"2019-07-26T12:28:36+00:00\",\"dateModified\":\"2019-07-26T13:37:29+00:00\",\"breadcrumb\":{\"@id\":\"https:\\\/\\\/popolsku.net\\\/en\\\/polityka-prywatnosci\\\/#breadcrumb\"},\"inLanguage\":\"en-US\",\"potentialAction\":[{\"@type\":\"ReadAction\",\"target\":[\"https:\\\/\\\/popolsku.net\\\/en\\\/polityka-prywatnosci\\\/\"]}]},{\"@type\":\"BreadcrumbList\",\"@id\":\"https:\\\/\\\/popolsku.net\\\/en\\\/polityka-prywatnosci\\\/#breadcrumb\",\"itemListElement\":[{\"@type\":\"ListItem\",\"position\":1,\"name\":\"Strona g\u0142\u00f3wna\",\"item\":\"https:\\\/\\\/popolsku.net\\\/en\\\/\"},{\"@type\":\"ListItem\",\"position\":2,\"name\":\"Polityka prywatno\u015bci\"}]},{\"@type\":\"WebSite\",\"@id\":\"https:\\\/\\\/popolsku.net\\\/#website\",\"url\":\"https:\\\/\\\/popolsku.net\\\/\",\"name\":\"PoPolsku.net\",\"description\":\"\",\"potentialAction\":[{\"@type\":\"SearchAction\",\"target\":{\"@type\":\"EntryPoint\",\"urlTemplate\":\"https:\\\/\\\/popolsku.net\\\/?s={search_term_string}\"},\"query-input\":{\"@type\":\"PropertyValueSpecification\",\"valueRequired\":true,\"valueName\":\"search_term_string\"}}],\"inLanguage\":\"en-US\"}]}<\/script>\n<!-- \/ Yoast SEO plugin. -->","yoast_head_json":{"title":"Polityka prywatno\u015bci - PoPolsku.net","robots":{"index":"index","follow":"follow","max-snippet":"max-snippet:-1","max-image-preview":"max-image-preview:large","max-video-preview":"max-video-preview:-1"},"canonical":"https:\/\/popolsku.net\/en\/polityka-prywatnosci\/","og_locale":"en_US","og_type":"article","og_title":"Polityka prywatno\u015bci - PoPolsku.net","og_description":"Polityka prywatno\u015bci opisuje zasady przetwarzania przez nas informacji na Tw\u00f3j temat, w tym danych osobowych oraz ciasteczek, czyli tzw. cookies. 1. Informacje og\u00f3lne Niniejsza polityka dotyczy Serwisu www, funkcjonuj\u0105cego pod adresem url: popolsku.net Operatorem serwisu oraz Administratorem danych osobowych jest: \u0141ukasz Za\u0142uski ul. Cybernetyki 7D m 75, 02-677 Warszawa Adres kontaktowy poczty elektronicznej operatora: lzaluski@gmail.com [&hellip;]","og_url":"https:\/\/popolsku.net\/en\/polityka-prywatnosci\/","og_site_name":"PoPolsku.net","article_modified_time":"2019-07-26T13:37:29+00:00","twitter_card":"summary_large_image","twitter_misc":{"Est. reading time":"7 minutes"},"schema":{"@context":"https:\/\/schema.org","@graph":[{"@type":"WebPage","@id":"https:\/\/popolsku.net\/en\/polityka-prywatnosci\/","url":"https:\/\/popolsku.net\/en\/polityka-prywatnosci\/","name":"Polityka prywatno\u015bci - PoPolsku.net","isPartOf":{"@id":"https:\/\/popolsku.net\/#website"},"datePublished":"2019-07-26T12:28:36+00:00","dateModified":"2019-07-26T13:37:29+00:00","breadcrumb":{"@id":"https:\/\/popolsku.net\/en\/polityka-prywatnosci\/#breadcrumb"},"inLanguage":"en-US","potentialAction":[{"@type":"ReadAction","target":["https:\/\/popolsku.net\/en\/polityka-prywatnosci\/"]}]},{"@type":"BreadcrumbList","@id":"https:\/\/popolsku.net\/en\/polityka-prywatnosci\/#breadcrumb","itemListElement":[{"@type":"ListItem","position":1,"name":"Strona g\u0142\u00f3wna","item":"https:\/\/popolsku.net\/en\/"},{"@type":"ListItem","position":2,"name":"Polityka prywatno\u015bci"}]},{"@type":"WebSite","@id":"https:\/\/popolsku.net\/#website","url":"https:\/\/popolsku.net\/","name":"PoPolsku.net","description":"","potentialAction":[{"@type":"SearchAction","target":{"@type":"EntryPoint","urlTemplate":"https:\/\/popolsku.net\/?s={search_term_string}"},"query-input":{"@type":"PropertyValueSpecification","valueRequired":true,"valueName":"search_term_string"}}],"inLanguage":"en-US"}]}},"_links":{"self":[{"href":"https:\/\/popolsku.net\/en\/wp-json\/wp\/v2\/pages\/1316","targetHints":{"allow":["GET"]}}],"collection":[{"href":"https:\/\/popolsku.net\/en\/wp-json\/wp\/v2\/pages"}],"about":[{"href":"https:\/\/popolsku.net\/en\/wp-json\/wp\/v2\/types\/page"}],"author":[{"embeddable":true,"href":"https:\/\/popolsku.net\/en\/wp-json\/wp\/v2\/users\/2"}],"replies":[{"embeddable":true,"href":"https:\/\/popolsku.net\/en\/wp-json\/wp\/v2\/comments?post=1316"}],"version-history":[{"count":1,"href":"https:\/\/popolsku.net\/en\/wp-json\/wp\/v2\/pages\/1316\/revisions"}],"predecessor-version":[{"id":1317,"href":"https:\/\/popolsku.net\/en\/wp-json\/wp\/v2\/pages\/1316\/revisions\/1317"}],"wp:attachment":[{"href":"https:\/\/popolsku.net\/en\/wp-json\/wp\/v2\/media?parent=1316"}],"curies":[{"name":"wp","href":"https:\/\/api.w.org\/{rel}","templated":true}]}}